{"id":558,"date":"2025-05-08T12:04:13","date_gmt":"2025-05-08T10:04:13","guid":{"rendered":"https:\/\/byt.com.ve\/team\/ruben-dario-calderon\/"},"modified":"2025-06-04T11:06:55","modified_gmt":"2025-06-04T09:06:55","slug":"ruben-dario-calderon","status":"publish","type":"page","link":"https:\/\/byt.com.ve\/en\/team\/ruben-dario-calderon\/","title":{"rendered":"Rub\u00e9n Dar\u00edo Calder\u00f3n"},"content":{"rendered":"<div class=\"wpb-content-wrapper\"><p>[vc_row gap=&#8221;25&#8243; css_animation=&#8221;fadeIn&#8221; el_class=&#8221;bloqueMiembro&#8221;][vc_column width=&#8221;1\/3&#8243;][vc_single_image image=&#8221;243&#8243; img_size=&#8221;full&#8221; alignment=&#8221;center&#8221; css=&#8221;.vc_custom_1746698650997{border-top-width: 5px !important;border-right-width: 5px !important;border-bottom-width: 5px !important;border-left-width: 5px !important;padding-bottom: 0px !important;border-left-style: solid !important;border-right-style: solid !important;border-top-style: solid !important;border-bottom-style: solid !important;border-color: #6F816F !important;}&#8221;][vc_tta_accordion style=&#8221;flat&#8221; shape=&#8221;square&#8221; spacing=&#8221;15&#8243; c_position=&#8221;right&#8221; active_section=&#8221;0&#8243; collapsible_all=&#8221;true&#8221;][vc_tta_section title=&#8221;Education&#8221; tab_id=&#8221;Education&#8221;][vc_column_text css=&#8221;&#8221;]<\/p>\n<ul>\n<li>Lawyer (Summa Cum Laude). Metropolitan University, Venezuela (2024).<\/li>\n<li>Bachelor in Liberal Studies (Summa Cum Laude). Metropolitan University, Venezuela (2024).<\/li>\n<li>Specialist in Intellectual Property. Monte\u00e1vila University (2024).<\/li>\n<li>LLM &#8211; University of New Hampshire &#8211; Franklin Pierce School of Law (2025).<\/li>\n<\/ul>\n<p>[\/vc_column_text][\/vc_tta_section][vc_tta_section title=&#8221;Areas of specialisation&#8221; tab_id=&#8221;Areas-of-specialisation&#8221;][vc_column_text css=&#8221;&#8221;]Patents and Industrial Designs, New Technologies, Pharmaceuticals, Mass Consumption[\/vc_column_text][\/vc_tta_section][vc_tta_section title=&#8221;Memberships and Affiliations&#8221; tab_id=&#8221;Memberships-and-Affiliations&#8221;][vc_column_text css=&#8221;&#8221;]COVAPIASIPI[\/vc_column_text][\/vc_tta_section][vc_tta_section title=&#8221;Acknowledgements&#8221; tab_id=&#8221;Acknowledgements&#8221;][vc_column_text css=&#8221;&#8221;]<\/p>\n<ul>\n<li>Winner of the ASIPI &#8211; UNH Franklin Pierce Scholarship 2024.<\/li>\n<li>Winner of the Ricardo Antequera Parilli Award 3rd Edition 2024.<\/li>\n<li>Honourable Mention Father Award &#8220;Luis Mar\u00eda Olaso&#8221; Academy of Political and Social Sciences, Student Mention 2023-2024.<\/li>\n<\/ul>\n<p>[\/vc_column_text][\/vc_tta_section][vc_tta_section title=&#8221;Languages&#8221; tab_id=&#8221;Languages&#8221;][vc_column_text css=&#8221;&#8221;]English, Spanish[\/vc_column_text][\/vc_tta_section][\/vc_tta_accordion][\/vc_column][vc_column width=&#8221;2\/3&#8243;][vc_column_text css=&#8221;.vc_custom_1746698375469{margin-bottom: 15px !important;}&#8221; el_class=&#8221;miembroNombre&#8221;]<\/p>\n<h1>Rub\u00e9n Dar\u00edo<br \/>\nCalder\u00f3n<\/h1>\n<p>[\/vc_column_text][vc_column_text css=&#8221;.vc_custom_1748259527620{margin-bottom: 50px !important;}&#8221; el_class=&#8221;miembroCargo&#8221;]<\/p>\n<p class=\"big\">Lawyer<\/p>\n<p>[\/vc_column_text][vc_column_text css=&#8221;.vc_custom_1746698456828{margin-bottom: 85px !important;}&#8221; el_class=&#8221;miembroContacto&#8221;]<\/p>\n<p class=\"big equipoTlf\">+582127503000<\/p>\n<p class=\"big equipoEmail\">rcalderon@byt.com.ve<\/p>\n<p class=\"big equipoLinkedin\"><a href=\"www.linkedin.com\/in\/ruben-calderon-b8a601199www.linkedin.com\/in\/ruben-calderon-b8a601199\" target=\"_blank\" rel=\"noopener\">Linkedin<\/a><\/p>\n<p>[\/vc_column_text][vc_column_text css=&#8221;&#8221; el_class=&#8221;miembroExperiencia&#8221;]<\/p>\n<p class=\"big\">Experience<\/p>\n<p style=\"text-align: justify;\">Rub\u00e9n Dar\u00edo Calder\u00f3n has been a member of Bolet &amp; Terrero since 2022. His practice started in 2020 and has been especially dedicated to the patent area. His practice includes patent prosecution, drafting of contracts, assignments and patent opinions. He also assists the Trademark Department in renewals and contentious matters. He is currently a Professor of Civil Law at the Universidad Metropolitana.<\/p>\n<p>[\/vc_column_text][\/vc_column][\/vc_row][vc_row full_width=&#8221;stretch_row&#8221; el_class=&#8221;volverAtras&#8221; css=&#8221;.vc_custom_1746010665788{margin-top: 50px !important;padding-top: 0px !important;padding-bottom: 0px !important;background-color: #6F816F !important;}&#8221;][vc_column css=&#8221;.vc_custom_1746010411585{padding-top: 0px !important;padding-bottom: 0px !important;}&#8221;][vc_btn title=&#8221;Back&#8221; style=&#8221;gradient-custom&#8221; gradient_custom_color_1=&#8221;#C39224&#8243; gradient_custom_color_2=&#8221;#C39224&#8243; align=&#8221;center&#8221; i_icon_fontawesome=&#8221;fa fa-solid fa-angle-left&#8221; css_animation=&#8221;fadeInRightBig&#8221; css=&#8221;.vc_custom_1748259520538{margin-bottom: 0px !important;padding-top: 0px !important;padding-bottom: 0px !important;}&#8221; add_icon=&#8221;true&#8221; link=&#8221;url:https%3A%2F%2Fbyt.com.ve%2Fnuevaweb%2Fen%2Fteam%2F|&#8221;][\/vc_column][\/vc_row][vc_row full_width=&#8221;stretch_row&#8221; css_animation=&#8221;fadeIn&#8221; el_class=&#8221;imgSeparador imgSeparadorFicha&#8221; css=&#8221;.vc_custom_1746014585563{background-image: url(https:\/\/byt.com.ve\/wp-content\/uploads\/2025\/04\/fnd-up-secciones-1.png?id=156) !important;}&#8221;][vc_column][\/vc_column][\/vc_row]<\/p>\n<\/div>","protected":false},"excerpt":{"rendered":"<p>[vc_row gap=&#8221;25&#8243; css_animation=&#8221;fadeIn&#8221; el_class=&#8221;bloqueMiembro&#8221;][vc_column width=&#8221;1\/3&#8243;][vc_single_image image=&#8221;243&#8243; img_size=&#8221;full&#8221; alignment=&#8221;center&#8221; css=&#8221;.vc_custom_1746698650997{border-top-width: 5px !important;border-right-width: 5px !important;border-bottom-width: 5px !important;border-left-width: 5px !important;padding-bottom: 0px !important;border-left-style: solid !important;border-right-style: solid !important;border-top-style: solid !important;border-bottom-style: solid<span class=\"excerpt-hellip\"> [\u2026]<\/span><\/p>\n","protected":false},"author":1,"featured_media":-1,"parent":450,"menu_order":0,"comment_status":"closed","ping_status":"closed","template":"","meta":{"footnotes":""},"class_list":["post-558","page","type-page","status-publish","has-post-thumbnail","hentry"],"yoast_head":"<!-- This site is optimized with the Yoast SEO plugin v26.2 - https:\/\/yoast.com\/wordpress\/plugins\/seo\/ -->\n<title>Rub\u00e9n Dar\u00edo Calder\u00f3n - Bolet &amp; Terrero<\/title>\n<meta name=\"robots\" content=\"index, follow, max-snippet:-1, max-image-preview:large, max-video-preview:-1\" \/>\n<link rel=\"canonical\" href=\"https:\/\/byt.com.ve\/en\/team\/ruben-dario-calderon\/\" \/>\n<meta property=\"og:locale\" content=\"en_US\" \/>\n<meta property=\"og:type\" content=\"article\" \/>\n<meta property=\"og:title\" content=\"Rub\u00e9n Dar\u00edo Calder\u00f3n - Bolet &amp; Terrero\" \/>\n<meta property=\"og:description\" content=\"[vc_row gap=&#8221;25&#8243; css_animation=&#8221;fadeIn&#8221; el_class=&#8221;bloqueMiembro&#8221;][vc_column width=&#8221;1\/3&#8243;][vc_single_image image=&#8221;243&#8243; img_size=&#8221;full&#8221; alignment=&#8221;center&#8221; css=&#8221;.vc_custom_1746698650997{border-top-width: 5px !important;border-right-width: 5px !important;border-bottom-width: 5px !important;border-left-width: 5px !important;padding-bottom: 0px !important;border-left-style: solid !important;border-right-style: solid !important;border-top-style: solid !important;border-bottom-style: solid [\u2026]\" \/>\n<meta property=\"og:url\" content=\"https:\/\/byt.com.ve\/en\/team\/ruben-dario-calderon\/\" \/>\n<meta property=\"og:site_name\" content=\"Bolet &amp; Terrero\" \/>\n<meta property=\"article:modified_time\" content=\"2025-06-04T09:06:55+00:00\" \/>\n<meta name=\"twitter:card\" content=\"summary_large_image\" \/>\n<meta name=\"twitter:label1\" content=\"Est. reading time\" \/>\n\t<meta name=\"twitter:data1\" content=\"2 minutes\" \/>\n<script type=\"application\/ld+json\" class=\"yoast-schema-graph\">{\"@context\":\"https:\/\/schema.org\",\"@graph\":[{\"@type\":\"WebPage\",\"@id\":\"https:\/\/byt.com.ve\/en\/team\/ruben-dario-calderon\/\",\"url\":\"https:\/\/byt.com.ve\/en\/team\/ruben-dario-calderon\/\",\"name\":\"Rub\u00e9n Dar\u00edo Calder\u00f3n - Bolet &amp; Terrero\",\"isPartOf\":{\"@id\":\"https:\/\/byt.com.ve\/#website\"},\"datePublished\":\"2025-05-08T10:04:13+00:00\",\"dateModified\":\"2025-06-04T09:06:55+00:00\",\"breadcrumb\":{\"@id\":\"https:\/\/byt.com.ve\/en\/team\/ruben-dario-calderon\/#breadcrumb\"},\"inLanguage\":\"en-US\",\"potentialAction\":[{\"@type\":\"ReadAction\",\"target\":[\"https:\/\/byt.com.ve\/en\/team\/ruben-dario-calderon\/\"]}]},{\"@type\":\"BreadcrumbList\",\"@id\":\"https:\/\/byt.com.ve\/en\/team\/ruben-dario-calderon\/#breadcrumb\",\"itemListElement\":[{\"@type\":\"ListItem\",\"position\":1,\"name\":\"Home\",\"item\":\"https:\/\/byt.com.ve\/en\/\"},{\"@type\":\"ListItem\",\"position\":2,\"name\":\"Team\",\"item\":\"https:\/\/byt.com.ve\/en\/team\/\"},{\"@type\":\"ListItem\",\"position\":3,\"name\":\"Rub\u00e9n Dar\u00edo Calder\u00f3n\"}]},{\"@type\":\"WebSite\",\"@id\":\"https:\/\/byt.com.ve\/#website\",\"url\":\"https:\/\/byt.com.ve\/\",\"name\":\"Bolet &amp; Terrero\",\"description\":\"Propiedad Intelectual: Registro de marcas\",\"publisher\":{\"@id\":\"https:\/\/byt.com.ve\/#organization\"},\"potentialAction\":[{\"@type\":\"SearchAction\",\"target\":{\"@type\":\"EntryPoint\",\"urlTemplate\":\"https:\/\/byt.com.ve\/?s={search_term_string}\"},\"query-input\":{\"@type\":\"PropertyValueSpecification\",\"valueRequired\":true,\"valueName\":\"search_term_string\"}}],\"inLanguage\":\"en-US\"},{\"@type\":\"Organization\",\"@id\":\"https:\/\/byt.com.ve\/#organization\",\"name\":\"Bolet & Terrero\",\"url\":\"https:\/\/byt.com.ve\/\",\"logo\":{\"@type\":\"ImageObject\",\"inLanguage\":\"en-US\",\"@id\":\"https:\/\/byt.com.ve\/#\/schema\/logo\/image\/\",\"url\":null,\"contentUrl\":null,\"width\":null,\"height\":null,\"caption\":\"Bolet & Terrero\"},\"image\":{\"@id\":\"https:\/\/byt.com.ve\/#\/schema\/logo\/image\/\"}}]}<\/script>\n<!-- \/ Yoast SEO plugin. -->","yoast_head_json":{"title":"Rub\u00e9n Dar\u00edo Calder\u00f3n - Bolet &amp; Terrero","robots":{"index":"index","follow":"follow","max-snippet":"max-snippet:-1","max-image-preview":"max-image-preview:large","max-video-preview":"max-video-preview:-1"},"canonical":"https:\/\/byt.com.ve\/en\/team\/ruben-dario-calderon\/","og_locale":"en_US","og_type":"article","og_title":"Rub\u00e9n Dar\u00edo Calder\u00f3n - Bolet &amp; Terrero","og_description":"[vc_row gap=&#8221;25&#8243; css_animation=&#8221;fadeIn&#8221; el_class=&#8221;bloqueMiembro&#8221;][vc_column width=&#8221;1\/3&#8243;][vc_single_image image=&#8221;243&#8243; img_size=&#8221;full&#8221; alignment=&#8221;center&#8221; css=&#8221;.vc_custom_1746698650997{border-top-width: 5px !important;border-right-width: 5px !important;border-bottom-width: 5px !important;border-left-width: 5px !important;padding-bottom: 0px !important;border-left-style: solid !important;border-right-style: solid !important;border-top-style: solid !important;border-bottom-style: solid [\u2026]","og_url":"https:\/\/byt.com.ve\/en\/team\/ruben-dario-calderon\/","og_site_name":"Bolet &amp; Terrero","article_modified_time":"2025-06-04T09:06:55+00:00","twitter_card":"summary_large_image","twitter_misc":{"Est. reading time":"2 minutes"},"schema":{"@context":"https:\/\/schema.org","@graph":[{"@type":"WebPage","@id":"https:\/\/byt.com.ve\/en\/team\/ruben-dario-calderon\/","url":"https:\/\/byt.com.ve\/en\/team\/ruben-dario-calderon\/","name":"Rub\u00e9n Dar\u00edo Calder\u00f3n - Bolet &amp; Terrero","isPartOf":{"@id":"https:\/\/byt.com.ve\/#website"},"datePublished":"2025-05-08T10:04:13+00:00","dateModified":"2025-06-04T09:06:55+00:00","breadcrumb":{"@id":"https:\/\/byt.com.ve\/en\/team\/ruben-dario-calderon\/#breadcrumb"},"inLanguage":"en-US","potentialAction":[{"@type":"ReadAction","target":["https:\/\/byt.com.ve\/en\/team\/ruben-dario-calderon\/"]}]},{"@type":"BreadcrumbList","@id":"https:\/\/byt.com.ve\/en\/team\/ruben-dario-calderon\/#breadcrumb","itemListElement":[{"@type":"ListItem","position":1,"name":"Home","item":"https:\/\/byt.com.ve\/en\/"},{"@type":"ListItem","position":2,"name":"Team","item":"https:\/\/byt.com.ve\/en\/team\/"},{"@type":"ListItem","position":3,"name":"Rub\u00e9n Dar\u00edo Calder\u00f3n"}]},{"@type":"WebSite","@id":"https:\/\/byt.com.ve\/#website","url":"https:\/\/byt.com.ve\/","name":"Bolet &amp; Terrero","description":"Propiedad Intelectual: Registro de marcas","publisher":{"@id":"https:\/\/byt.com.ve\/#organization"},"potentialAction":[{"@type":"SearchAction","target":{"@type":"EntryPoint","urlTemplate":"https:\/\/byt.com.ve\/?s={search_term_string}"},"query-input":{"@type":"PropertyValueSpecification","valueRequired":true,"valueName":"search_term_string"}}],"inLanguage":"en-US"},{"@type":"Organization","@id":"https:\/\/byt.com.ve\/#organization","name":"Bolet & Terrero","url":"https:\/\/byt.com.ve\/","logo":{"@type":"ImageObject","inLanguage":"en-US","@id":"https:\/\/byt.com.ve\/#\/schema\/logo\/image\/","url":null,"contentUrl":null,"width":null,"height":null,"caption":"Bolet & Terrero"},"image":{"@id":"https:\/\/byt.com.ve\/#\/schema\/logo\/image\/"}}]}},"_links":{"self":[{"href":"https:\/\/byt.com.ve\/en\/wp-json\/wp\/v2\/pages\/558","targetHints":{"allow":["GET"]}}],"collection":[{"href":"https:\/\/byt.com.ve\/en\/wp-json\/wp\/v2\/pages"}],"about":[{"href":"https:\/\/byt.com.ve\/en\/wp-json\/wp\/v2\/types\/page"}],"author":[{"embeddable":true,"href":"https:\/\/byt.com.ve\/en\/wp-json\/wp\/v2\/users\/1"}],"replies":[{"embeddable":true,"href":"https:\/\/byt.com.ve\/en\/wp-json\/wp\/v2\/comments?post=558"}],"version-history":[{"count":5,"href":"https:\/\/byt.com.ve\/en\/wp-json\/wp\/v2\/pages\/558\/revisions"}],"predecessor-version":[{"id":632,"href":"https:\/\/byt.com.ve\/en\/wp-json\/wp\/v2\/pages\/558\/revisions\/632"}],"up":[{"embeddable":true,"href":"https:\/\/byt.com.ve\/en\/wp-json\/wp\/v2\/pages\/450"}],"wp:featuredmedia":[{"embeddable":true,"href":"https:\/\/byt.com.ve\/en\/wp-json\/"}],"wp:attachment":[{"href":"https:\/\/byt.com.ve\/en\/wp-json\/wp\/v2\/media?parent=558"}],"curies":[{"name":"wp","href":"https:\/\/api.w.org\/{rel}","templated":true}]}}