{"id":528,"date":"2025-05-08T10:49:24","date_gmt":"2025-05-08T08:49:24","guid":{"rendered":"https:\/\/byt.com.ve\/team\/mariateresa-santana-ferris\/"},"modified":"2025-06-07T10:12:06","modified_gmt":"2025-06-07T08:12:06","slug":"mariateresa-santana-ferris","status":"publish","type":"page","link":"https:\/\/byt.com.ve\/en\/team\/mariateresa-santana-ferris\/","title":{"rendered":"Mariateresa Santana Ferris"},"content":{"rendered":"<div class=\"wpb-content-wrapper\"><p>[vc_row gap=&#8221;25&#8243; css_animation=&#8221;fadeIn&#8221; el_class=&#8221;bloqueMiembro&#8221;][vc_column width=&#8221;1\/3&#8243;][vc_single_image image=&#8221;238&#8243; img_size=&#8221;full&#8221; alignment=&#8221;center&#8221; css=&#8221;.vc_custom_1746694187586{border-top-width: 5px !important;border-right-width: 5px !important;border-bottom-width: 5px !important;border-left-width: 5px !important;padding-bottom: 0px !important;border-left-style: solid !important;border-right-style: solid !important;border-top-style: solid !important;border-bottom-style: solid !important;border-color: #6F816F !important;}&#8221;][vc_tta_accordion style=&#8221;flat&#8221; shape=&#8221;square&#8221; spacing=&#8221;15&#8243; c_position=&#8221;right&#8221; active_section=&#8221;0&#8243; collapsible_all=&#8221;true&#8221;][vc_tta_section title=&#8221;Education&#8221; tab_id=&#8221;Education&#8221;][vc_column_text css=&#8221;&#8221;]<\/p>\n<ul>\n<li>Lawyer from Monte\u00e1vila University<\/li>\n<\/ul>\n<p>[\/vc_column_text][\/vc_tta_section][vc_tta_section title=&#8221;Areas of specialisation&#8221; tab_id=&#8221;Areas-of-specialisation&#8221;][vc_column_text css=&#8221;&#8221;]<\/p>\n<ul>\n<li>Renewals<\/li>\n<\/ul>\n<p>[\/vc_column_text][\/vc_tta_section][vc_tta_section title=&#8221;Memberships and Affiliations&#8221; tab_id=&#8221;Memberships-and-Affiliations&#8221;][vc_column_text css=&#8221;&#8221;]<\/p>\n<ul>\n<li>International Trademark Association (INTA).<\/li>\n<li>Interamerican Association of Intellectual Property (ASIPI).<\/li>\n<li>Member of the Y.E.S. Group (Young Executive Section) of the British Chamber of Caracas.<\/li>\n<li>Member of the Trademark Committee of ASIPI, period 2024 &#8211; 2026.<\/li>\n<li>Member of the INTA Newsletter Committee, period 2024 &#8211; 2026.<\/li>\n<li>Member of the ASIPI Standards Committee, period 2021 &#8211; 2023.<\/li>\n<li>Member of the INTA Trademark Offices Committee, period 2021 &#8211; 2023.<\/li>\n<li>Member of the INTA Latin American and Caribbean Legislation and Regulation Sub-Committee, period 2019-2021.<\/li>\n<li>Member of the INTA Latin American and Caribbean Legislation and Regulation Sub-Committee, period 2018-2019.<\/li>\n<\/ul>\n<p>[\/vc_column_text][\/vc_tta_section][vc_tta_section title=&#8221;Languages&#8221; tab_id=&#8221;Languages&#8221;][vc_column_text css=&#8221;&#8221;]English, Spanish[\/vc_column_text][\/vc_tta_section][\/vc_tta_accordion][\/vc_column][vc_column width=&#8221;2\/3&#8243;][vc_column_text css=&#8221;.vc_custom_1746693880200{margin-bottom: 15px !important;}&#8221; el_class=&#8221;miembroNombre&#8221;]<\/p>\n<h1>Mariateresa<br \/>\nSantana<\/h1>\n<p>[\/vc_column_text][vc_column_text css=&#8221;.vc_custom_1748258316831{margin-bottom: 50px !important;}&#8221; el_class=&#8221;miembroCargo&#8221;]<\/p>\n<p class=\"big\">Lawyer<\/p>\n<p>[\/vc_column_text][vc_column_text css=&#8221;.vc_custom_1746694007360{margin-bottom: 85px !important;}&#8221; el_class=&#8221;miembroContacto&#8221;]<\/p>\n<p class=\"big equipoTlf\">+58 212 750 3000 \u2013 Ext. 110<\/p>\n<p class=\"big equipoEmail\">msantana@byt.com.ve<\/p>\n<p class=\"big equipoLinkedin\"><a href=\"https:\/\/www.linkedin.com\/in\/mariateresa-santana-ferris-24a565127\/\" target=\"_blank\" rel=\"noopener\">Linkedin<\/a><\/p>\n<p>[\/vc_column_text][vc_column_text css=&#8221;&#8221; el_class=&#8221;miembroExperiencia&#8221;]<\/p>\n<p class=\"big\">Experience<\/p>\n<p style=\"text-align: justify;\">Mariateresa is a lawyer graduated from Universidad Monte\u00e1vila, Specialist in Administrative Law from Universidad Cat\u00f3lica Andr\u00e9s Bello and Specialist in Intellectual Property from Universidad Monte\u00e1vila. Member of Bolet &amp; Terrero since 2011 where she started her professional practice as an intern. Currently, she focuses her work in the Trademark Department, specifically, in the Renewals unit, and was an attorney advisor to the Science and Technology Commission of the National Assembly during the period 2018 &#8211; 2019 where she participated in the drafting of the draft Industrial Property Law proposed by said commission, which was approved in first discussion by the plenary of the National Assembly (2019).<\/p>\n<p style=\"text-align: justify;\">She has worked with the Subcommittee on Legislation and Regulation for Latin America and the Caribbean of the International Trademark Association (2018-2019 and 2019 &#8211; 2021), where she coordinated working meetings with the Directorate of International Affairs of the Autonomous Service of Intellectual Property (SAPI) and INTA, on the occasion of the draft Industrial Property Law on which that body began to work.Additionally, she has worked in the Trademark Committee of the Inter-American Association of Intellectual Property (ASIPI) in the coordination of a training workshop for officials of the Autonomous Service of Intellectual Property (SAPI), and was a speaker at a training workshop for officials of the National Directorate of Intellectual Property of Paraguay in 2024.<\/p>\n<p>[\/vc_column_text][\/vc_column][\/vc_row][vc_row full_width=&#8221;stretch_row&#8221; el_class=&#8221;volverAtras&#8221; css=&#8221;.vc_custom_1746010665788{margin-top: 50px !important;padding-top: 0px !important;padding-bottom: 0px !important;background-color: #6F816F !important;}&#8221;][vc_column css=&#8221;.vc_custom_1746010411585{padding-top: 0px !important;padding-bottom: 0px !important;}&#8221;][vc_btn title=&#8221;Back&#8221; style=&#8221;gradient-custom&#8221; gradient_custom_color_1=&#8221;#C39224&#8243; gradient_custom_color_2=&#8221;#C39224&#8243; align=&#8221;center&#8221; i_icon_fontawesome=&#8221;fa fa-solid fa-angle-left&#8221; css_animation=&#8221;fadeInRightBig&#8221; css=&#8221;.vc_custom_1748258374561{margin-bottom: 0px !important;padding-top: 0px !important;padding-bottom: 0px !important;}&#8221; add_icon=&#8221;true&#8221; link=&#8221;url:https%3A%2F%2Fbyt.com.ve%2Fnuevaweb%2Fen%2Fteam%2F|&#8221;][\/vc_column][\/vc_row][vc_row full_width=&#8221;stretch_row&#8221; css_animation=&#8221;fadeIn&#8221; el_class=&#8221;imgSeparador imgSeparadorFicha&#8221; css=&#8221;.vc_custom_1746014585563{background-image: url(https:\/\/byt.com.ve\/wp-content\/uploads\/2025\/04\/fnd-up-secciones-1.png?id=156) !important;}&#8221;][vc_column][\/vc_column][\/vc_row]<\/p>\n<\/div>","protected":false},"excerpt":{"rendered":"<p>[vc_row gap=&#8221;25&#8243; css_animation=&#8221;fadeIn&#8221; el_class=&#8221;bloqueMiembro&#8221;][vc_column width=&#8221;1\/3&#8243;][vc_single_image image=&#8221;238&#8243; img_size=&#8221;full&#8221; alignment=&#8221;center&#8221; css=&#8221;.vc_custom_1746694187586{border-top-width: 5px !important;border-right-width: 5px !important;border-bottom-width: 5px !important;border-left-width: 5px !important;padding-bottom: 0px !important;border-left-style: solid !important;border-right-style: solid !important;border-top-style: solid !important;border-bottom-style: solid<span class=\"excerpt-hellip\"> [\u2026]<\/span><\/p>\n","protected":false},"author":1,"featured_media":-1,"parent":450,"menu_order":0,"comment_status":"closed","ping_status":"closed","template":"","meta":{"footnotes":""},"class_list":["post-528","page","type-page","status-publish","has-post-thumbnail","hentry"],"yoast_head":"<!-- This site is optimized with the Yoast SEO plugin v26.2 - https:\/\/yoast.com\/wordpress\/plugins\/seo\/ -->\n<title>Mariateresa Santana Ferris - Bolet &amp; Terrero<\/title>\n<meta name=\"robots\" content=\"index, follow, max-snippet:-1, max-image-preview:large, max-video-preview:-1\" \/>\n<link rel=\"canonical\" href=\"https:\/\/byt.com.ve\/en\/team\/mariateresa-santana-ferris\/\" \/>\n<meta property=\"og:locale\" content=\"en_US\" \/>\n<meta property=\"og:type\" content=\"article\" \/>\n<meta property=\"og:title\" content=\"Mariateresa Santana Ferris - Bolet &amp; Terrero\" \/>\n<meta property=\"og:description\" content=\"[vc_row gap=&#8221;25&#8243; css_animation=&#8221;fadeIn&#8221; el_class=&#8221;bloqueMiembro&#8221;][vc_column width=&#8221;1\/3&#8243;][vc_single_image image=&#8221;238&#8243; img_size=&#8221;full&#8221; alignment=&#8221;center&#8221; css=&#8221;.vc_custom_1746694187586{border-top-width: 5px !important;border-right-width: 5px !important;border-bottom-width: 5px !important;border-left-width: 5px !important;padding-bottom: 0px !important;border-left-style: solid !important;border-right-style: solid !important;border-top-style: solid !important;border-bottom-style: solid [\u2026]\" \/>\n<meta property=\"og:url\" content=\"https:\/\/byt.com.ve\/en\/team\/mariateresa-santana-ferris\/\" \/>\n<meta property=\"og:site_name\" content=\"Bolet &amp; Terrero\" \/>\n<meta property=\"article:modified_time\" content=\"2025-06-07T08:12:06+00:00\" \/>\n<meta name=\"twitter:card\" content=\"summary_large_image\" \/>\n<meta name=\"twitter:label1\" content=\"Est. reading time\" \/>\n\t<meta name=\"twitter:data1\" content=\"3 minutes\" \/>\n<script type=\"application\/ld+json\" class=\"yoast-schema-graph\">{\"@context\":\"https:\/\/schema.org\",\"@graph\":[{\"@type\":\"WebPage\",\"@id\":\"https:\/\/byt.com.ve\/en\/team\/mariateresa-santana-ferris\/\",\"url\":\"https:\/\/byt.com.ve\/en\/team\/mariateresa-santana-ferris\/\",\"name\":\"Mariateresa Santana Ferris - Bolet &amp; Terrero\",\"isPartOf\":{\"@id\":\"https:\/\/byt.com.ve\/#website\"},\"datePublished\":\"2025-05-08T08:49:24+00:00\",\"dateModified\":\"2025-06-07T08:12:06+00:00\",\"breadcrumb\":{\"@id\":\"https:\/\/byt.com.ve\/en\/team\/mariateresa-santana-ferris\/#breadcrumb\"},\"inLanguage\":\"en-US\",\"potentialAction\":[{\"@type\":\"ReadAction\",\"target\":[\"https:\/\/byt.com.ve\/en\/team\/mariateresa-santana-ferris\/\"]}]},{\"@type\":\"BreadcrumbList\",\"@id\":\"https:\/\/byt.com.ve\/en\/team\/mariateresa-santana-ferris\/#breadcrumb\",\"itemListElement\":[{\"@type\":\"ListItem\",\"position\":1,\"name\":\"Home\",\"item\":\"https:\/\/byt.com.ve\/en\/\"},{\"@type\":\"ListItem\",\"position\":2,\"name\":\"Team\",\"item\":\"https:\/\/byt.com.ve\/en\/team\/\"},{\"@type\":\"ListItem\",\"position\":3,\"name\":\"Mariateresa Santana Ferris\"}]},{\"@type\":\"WebSite\",\"@id\":\"https:\/\/byt.com.ve\/#website\",\"url\":\"https:\/\/byt.com.ve\/\",\"name\":\"Bolet &amp; Terrero\",\"description\":\"Propiedad Intelectual: Registro de marcas\",\"publisher\":{\"@id\":\"https:\/\/byt.com.ve\/#organization\"},\"potentialAction\":[{\"@type\":\"SearchAction\",\"target\":{\"@type\":\"EntryPoint\",\"urlTemplate\":\"https:\/\/byt.com.ve\/?s={search_term_string}\"},\"query-input\":{\"@type\":\"PropertyValueSpecification\",\"valueRequired\":true,\"valueName\":\"search_term_string\"}}],\"inLanguage\":\"en-US\"},{\"@type\":\"Organization\",\"@id\":\"https:\/\/byt.com.ve\/#organization\",\"name\":\"Bolet & Terrero\",\"url\":\"https:\/\/byt.com.ve\/\",\"logo\":{\"@type\":\"ImageObject\",\"inLanguage\":\"en-US\",\"@id\":\"https:\/\/byt.com.ve\/#\/schema\/logo\/image\/\",\"url\":null,\"contentUrl\":null,\"width\":null,\"height\":null,\"caption\":\"Bolet & Terrero\"},\"image\":{\"@id\":\"https:\/\/byt.com.ve\/#\/schema\/logo\/image\/\"}}]}<\/script>\n<!-- \/ Yoast SEO plugin. -->","yoast_head_json":{"title":"Mariateresa Santana Ferris - Bolet &amp; Terrero","robots":{"index":"index","follow":"follow","max-snippet":"max-snippet:-1","max-image-preview":"max-image-preview:large","max-video-preview":"max-video-preview:-1"},"canonical":"https:\/\/byt.com.ve\/en\/team\/mariateresa-santana-ferris\/","og_locale":"en_US","og_type":"article","og_title":"Mariateresa Santana Ferris - Bolet &amp; Terrero","og_description":"[vc_row gap=&#8221;25&#8243; css_animation=&#8221;fadeIn&#8221; el_class=&#8221;bloqueMiembro&#8221;][vc_column width=&#8221;1\/3&#8243;][vc_single_image image=&#8221;238&#8243; img_size=&#8221;full&#8221; alignment=&#8221;center&#8221; css=&#8221;.vc_custom_1746694187586{border-top-width: 5px !important;border-right-width: 5px !important;border-bottom-width: 5px !important;border-left-width: 5px !important;padding-bottom: 0px !important;border-left-style: solid !important;border-right-style: solid !important;border-top-style: solid !important;border-bottom-style: solid [\u2026]","og_url":"https:\/\/byt.com.ve\/en\/team\/mariateresa-santana-ferris\/","og_site_name":"Bolet &amp; Terrero","article_modified_time":"2025-06-07T08:12:06+00:00","twitter_card":"summary_large_image","twitter_misc":{"Est. reading time":"3 minutes"},"schema":{"@context":"https:\/\/schema.org","@graph":[{"@type":"WebPage","@id":"https:\/\/byt.com.ve\/en\/team\/mariateresa-santana-ferris\/","url":"https:\/\/byt.com.ve\/en\/team\/mariateresa-santana-ferris\/","name":"Mariateresa Santana Ferris - Bolet &amp; Terrero","isPartOf":{"@id":"https:\/\/byt.com.ve\/#website"},"datePublished":"2025-05-08T08:49:24+00:00","dateModified":"2025-06-07T08:12:06+00:00","breadcrumb":{"@id":"https:\/\/byt.com.ve\/en\/team\/mariateresa-santana-ferris\/#breadcrumb"},"inLanguage":"en-US","potentialAction":[{"@type":"ReadAction","target":["https:\/\/byt.com.ve\/en\/team\/mariateresa-santana-ferris\/"]}]},{"@type":"BreadcrumbList","@id":"https:\/\/byt.com.ve\/en\/team\/mariateresa-santana-ferris\/#breadcrumb","itemListElement":[{"@type":"ListItem","position":1,"name":"Home","item":"https:\/\/byt.com.ve\/en\/"},{"@type":"ListItem","position":2,"name":"Team","item":"https:\/\/byt.com.ve\/en\/team\/"},{"@type":"ListItem","position":3,"name":"Mariateresa Santana Ferris"}]},{"@type":"WebSite","@id":"https:\/\/byt.com.ve\/#website","url":"https:\/\/byt.com.ve\/","name":"Bolet &amp; Terrero","description":"Propiedad Intelectual: Registro de marcas","publisher":{"@id":"https:\/\/byt.com.ve\/#organization"},"potentialAction":[{"@type":"SearchAction","target":{"@type":"EntryPoint","urlTemplate":"https:\/\/byt.com.ve\/?s={search_term_string}"},"query-input":{"@type":"PropertyValueSpecification","valueRequired":true,"valueName":"search_term_string"}}],"inLanguage":"en-US"},{"@type":"Organization","@id":"https:\/\/byt.com.ve\/#organization","name":"Bolet & Terrero","url":"https:\/\/byt.com.ve\/","logo":{"@type":"ImageObject","inLanguage":"en-US","@id":"https:\/\/byt.com.ve\/#\/schema\/logo\/image\/","url":null,"contentUrl":null,"width":null,"height":null,"caption":"Bolet & Terrero"},"image":{"@id":"https:\/\/byt.com.ve\/#\/schema\/logo\/image\/"}}]}},"_links":{"self":[{"href":"https:\/\/byt.com.ve\/en\/wp-json\/wp\/v2\/pages\/528","targetHints":{"allow":["GET"]}}],"collection":[{"href":"https:\/\/byt.com.ve\/en\/wp-json\/wp\/v2\/pages"}],"about":[{"href":"https:\/\/byt.com.ve\/en\/wp-json\/wp\/v2\/types\/page"}],"author":[{"embeddable":true,"href":"https:\/\/byt.com.ve\/en\/wp-json\/wp\/v2\/users\/1"}],"replies":[{"embeddable":true,"href":"https:\/\/byt.com.ve\/en\/wp-json\/wp\/v2\/comments?post=528"}],"version-history":[{"count":6,"href":"https:\/\/byt.com.ve\/en\/wp-json\/wp\/v2\/pages\/528\/revisions"}],"predecessor-version":[{"id":2152,"href":"https:\/\/byt.com.ve\/en\/wp-json\/wp\/v2\/pages\/528\/revisions\/2152"}],"up":[{"embeddable":true,"href":"https:\/\/byt.com.ve\/en\/wp-json\/wp\/v2\/pages\/450"}],"wp:featuredmedia":[{"embeddable":true,"href":"https:\/\/byt.com.ve\/en\/wp-json\/"}],"wp:attachment":[{"href":"https:\/\/byt.com.ve\/en\/wp-json\/wp\/v2\/media?parent=528"}],"curies":[{"name":"wp","href":"https:\/\/api.w.org\/{rel}","templated":true}]}}