{"id":450,"date":"2025-04-30T11:12:43","date_gmt":"2025-04-30T09:12:43","guid":{"rendered":"https:\/\/byt.com.ve\/equipo\/"},"modified":"2025-06-04T10:58:54","modified_gmt":"2025-06-04T08:58:54","slug":"team","status":"publish","type":"page","link":"https:\/\/byt.com.ve\/en\/team\/","title":{"rendered":"Team"},"content":{"rendered":"<div class=\"wpb-content-wrapper\"><p>[vc_row equal_height=&#8221;yes&#8221; content_placement=&#8221;middle&#8221; css_animation=&#8221;fadeIn&#8221; el_class=&#8221;txtSubTitulo&#8221; css=&#8221;.vc_custom_1746011655263{margin-bottom: 50px !important;}&#8221;][vc_column width=&#8221;1\/3&#8243;][vc_separator color=&#8221;custom&#8221; border_width=&#8221;4&#8243; css=&#8221;.vc_custom_1746004290976{margin-bottom: 0px !important;}&#8221; accent_color=&#8221;#089641&#8243;][\/vc_column][vc_column width=&#8221;1\/3&#8243;][vc_column_text css=&#8221;.vc_custom_1746005927143{margin-bottom: 0px !important;padding-top: 8px !important;padding-bottom: 5px !important;}&#8221;]<\/p>\n<h2 style=\"text-align: center;\"><strong><span style=\"color: #089641;\">Socios<\/span><\/strong><\/h2>\n<p>[\/vc_column_text][\/vc_column][vc_column width=&#8221;1\/3&#8243;][vc_separator color=&#8221;custom&#8221; border_width=&#8221;4&#8243; css=&#8221;.vc_custom_1746004290976{margin-bottom: 0px !important;}&#8221; accent_color=&#8221;#089641&#8243;][\/vc_column][\/vc_row][vc_row css_animation=&#8221;fadeIn&#8221; el_class=&#8221;bloqueEquipoSocios&#8221;][vc_column width=&#8221;1\/2&#8243; el_class=&#8221;SubBloqueEquipo&#8221;][vc_single_image image=&#8221;306&#8243; img_size=&#8221;full&#8221; alignment=&#8221;center&#8221; css=&#8221;.vc_custom_1747125083967{margin-bottom: -35px !important;}&#8221;][vc_column_text css=&#8221;&#8221; el_class=&#8221;barraNombre&#8221;]Santiago Terrero<\/p>\n<p>Socio[\/vc_column_text][\/vc_column][vc_column width=&#8221;1\/2&#8243; el_class=&#8221;SubBloqueEquipo&#8221;][vc_single_image image=&#8221;215&#8243; img_size=&#8221;full&#8221; alignment=&#8221;center&#8221; onclick=&#8221;custom_link&#8221; css=&#8221;.vc_custom_1747125078884{margin-bottom: 0px !important;}&#8221; link=&#8221;https:\/\/byt.com.ve\/en\/team\/manuel-polanco\/&#8221;][vc_column_text css=&#8221;&#8221; el_class=&#8221;barraNombre&#8221;]Manuel Polanco<\/p>\n<p>Socio Director[\/vc_column_text][\/vc_column][\/vc_row][vc_row css_animation=&#8221;fadeInUp&#8221; el_class=&#8221;bloqueEquipoSocios&#8221;][vc_column width=&#8221;1\/2&#8243; el_class=&#8221;SubBloqueEquipo&#8221;][vc_single_image image=&#8221;219&#8243; img_size=&#8221;full&#8221; alignment=&#8221;center&#8221; onclick=&#8221;custom_link&#8221; css=&#8221;.vc_custom_1746687266638{margin-bottom: 0px !important;}&#8221; link=&#8221;https:\/\/byt.com.ve\/en\/team\/luis-henriquez\/&#8221;][vc_column_text css=&#8221;&#8221; el_class=&#8221;barraNombre&#8221;]Luis Henriquez<\/p>\n<p>Socio[\/vc_column_text][\/vc_column][vc_column width=&#8221;1\/2&#8243; el_class=&#8221;SubBloqueEquipo&#8221;][vc_single_image image=&#8221;226&#8243; img_size=&#8221;full&#8221; alignment=&#8221;center&#8221; onclick=&#8221;custom_link&#8221; css=&#8221;.vc_custom_1746699710397{margin-bottom: 0px !important;}&#8221; link=&#8221;https:\/\/byt.com.ve\/en\/team\/rafael-ortin\/&#8221;][vc_column_text css=&#8221;&#8221; el_class=&#8221;barraNombre&#8221;]Rafael Ortin<\/p>\n<p>Socio[\/vc_column_text][\/vc_column][\/vc_row][vc_row equal_height=&#8221;yes&#8221; content_placement=&#8221;middle&#8221; css_animation=&#8221;fadeInUp&#8221; el_class=&#8221;txtSubTitulo&#8221; css=&#8221;.vc_custom_1746699735063{margin-bottom: 50px !important;}&#8221;][vc_column width=&#8221;1\/3&#8243;][vc_separator color=&#8221;custom&#8221; border_width=&#8221;4&#8243; css=&#8221;.vc_custom_1746004290976{margin-bottom: 0px !important;}&#8221; accent_color=&#8221;#089641&#8243;][\/vc_column][vc_column width=&#8221;1\/3&#8243;][vc_column_text css=&#8221;.vc_custom_1746005950577{margin-bottom: 0px !important;padding-top: 8px !important;padding-bottom: 5px !important;}&#8221;]<\/p>\n<h2 style=\"text-align: center;\"><strong><span style=\"color: #089641;\">Abogados<\/span><\/strong><\/h2>\n<p>[\/vc_column_text][\/vc_column][vc_column width=&#8221;1\/3&#8243;][vc_separator color=&#8221;custom&#8221; border_width=&#8221;4&#8243; css=&#8221;.vc_custom_1746004290976{margin-bottom: 0px !important;}&#8221; accent_color=&#8221;#089641&#8243;][\/vc_column][\/vc_row][vc_row css_animation=&#8221;fadeInUp&#8221; el_class=&#8221;bloqueEquipo&#8221;][vc_column width=&#8221;1\/3&#8243; el_class=&#8221;SubBloqueEquipo&#8221;][vc_single_image image=&#8221;228&#8243; img_size=&#8221;full&#8221; alignment=&#8221;center&#8221; onclick=&#8221;custom_link&#8221; css=&#8221;.vc_custom_1746699978238{margin-bottom: 0px !important;}&#8221; link=&#8221;https:\/\/byt.com.ve\/en\/team\/maria-auxiliadora-jurado\/&#8221;][vc_column_text css=&#8221;&#8221; el_class=&#8221;barraNombre&#8221;]Mar\u00eda A. Jurado<\/p>\n<p>Abogada[\/vc_column_text][\/vc_column][vc_column width=&#8221;1\/3&#8243; el_class=&#8221;SubBloqueEquipo&#8221;][vc_single_image image=&#8221;230&#8243; img_size=&#8221;full&#8221; alignment=&#8221;center&#8221; onclick=&#8221;custom_link&#8221; css=&#8221;.vc_custom_1746697510827{margin-bottom: 0px !important;}&#8221; link=&#8221;https:\/\/byt.com.ve\/en\/team\/annette-angulo-celis\/&#8221;][vc_column_text css=&#8221;&#8221; el_class=&#8221;barraNombre&#8221;]Annette Angulo<\/p>\n<p>Asociada Senior[\/vc_column_text][\/vc_column][vc_column width=&#8221;1\/3&#8243; el_class=&#8221;SubBloqueEquipo&#8221;][vc_single_image image=&#8221;232&#8243; img_size=&#8221;full&#8221; alignment=&#8221;center&#8221; onclick=&#8221;custom_link&#8221; css=&#8221;.vc_custom_1746700186117{margin-bottom: 0px !important;}&#8221; link=&#8221;https:\/\/byt.com.ve\/en\/team\/guillermo-lopez-z\/&#8221;][vc_column_text css=&#8221;&#8221; el_class=&#8221;barraNombre&#8221;]Guillermo L\u00f3pez Z.<\/p>\n<p>Abogado[\/vc_column_text][\/vc_column][\/vc_row][vc_row css_animation=&#8221;fadeInUp&#8221; el_class=&#8221;bloqueEquipo&#8221;][vc_column width=&#8221;1\/3&#8243; el_class=&#8221;SubBloqueEquipo&#8221;][vc_single_image image=&#8221;236&#8243; img_size=&#8221;full&#8221; alignment=&#8221;center&#8221; onclick=&#8221;custom_link&#8221; css=&#8221;.vc_custom_1746700363450{margin-bottom: 0px !important;}&#8221; link=&#8221;https:\/\/byt.com.ve\/en\/team\/hilmer-vallenilla\/&#8221;][vc_column_text css=&#8221;&#8221; el_class=&#8221;barraNombre&#8221;]Hilmer Vallenilla<\/p>\n<p>Abogado[\/vc_column_text][\/vc_column][vc_column width=&#8221;1\/3&#8243; el_class=&#8221;SubBloqueEquipo&#8221;][vc_single_image image=&#8221;238&#8243; img_size=&#8221;full&#8221; alignment=&#8221;center&#8221; onclick=&#8221;custom_link&#8221; css=&#8221;.vc_custom_1746694226211{margin-bottom: 0px !important;}&#8221; link=&#8221;https:\/\/byt.com.ve\/en\/team\/mariateresa-santana-ferris\/&#8221;][vc_column_text css=&#8221;&#8221; el_class=&#8221;barraNombre&#8221;]Mariateresa Santana<\/p>\n<p>Abogada[\/vc_column_text][\/vc_column][vc_column width=&#8221;1\/3&#8243; el_class=&#8221;SubBloqueEquipo&#8221;][vc_single_image image=&#8221;241&#8243; img_size=&#8221;full&#8221; alignment=&#8221;center&#8221; onclick=&#8221;custom_link&#8221; css=&#8221;.vc_custom_1746693086918{margin-bottom: 0px !important;}&#8221; link=&#8221;https:\/\/byt.com.ve\/en\/team\/paula-alfaro\/&#8221;][vc_column_text css=&#8221;&#8221; el_class=&#8221;barraNombre&#8221;]Paula Lucia Alfaro<\/p>\n<p>Abogada[\/vc_column_text][\/vc_column][\/vc_row][vc_row css_animation=&#8221;fadeInUp&#8221; el_class=&#8221;bloqueEquipo&#8221;][vc_column width=&#8221;1\/3&#8243; el_class=&#8221;SubBloqueEquipo&#8221;][vc_single_image image=&#8221;243&#8243; img_size=&#8221;full&#8221; alignment=&#8221;center&#8221; onclick=&#8221;custom_link&#8221; css=&#8221;.vc_custom_1746698686602{margin-bottom: 0px !important;}&#8221; link=&#8221;https:\/\/byt.com.ve\/en\/team\/ruben-dario-calderon\/&#8221;][vc_column_text css=&#8221;&#8221; el_class=&#8221;barraNombre&#8221;]Rub\u00e9n Dar\u00edo Calder\u00f3n<\/p>\n<p>Abogado[\/vc_column_text][\/vc_column][vc_column width=&#8221;1\/3&#8243; el_class=&#8221;SubBloqueEquipo&#8221;][vc_single_image image=&#8221;245&#8243; img_size=&#8221;full&#8221; alignment=&#8221;center&#8221; onclick=&#8221;custom_link&#8221; css=&#8221;.vc_custom_1746701421251{margin-bottom: 0px !important;}&#8221; link=&#8221;https:\/\/byt.com.ve\/en\/team\/velia-vanesa-bracho\/&#8221;][vc_column_text css=&#8221;&#8221; el_class=&#8221;barraNombre&#8221;]Velia Vanesa Bracho<\/p>\n<p>Abogada[\/vc_column_text][\/vc_column][vc_column width=&#8221;1\/3&#8243; el_class=&#8221;SubBloqueEquipo&#8221;][\/vc_column][\/vc_row][vc_row equal_height=&#8221;yes&#8221; content_placement=&#8221;middle&#8221; css_animation=&#8221;fadeInUp&#8221; el_class=&#8221;txtSubTitulo&#8221; css=&#8221;.vc_custom_1746699735063{margin-bottom: 50px !important;}&#8221;][vc_column width=&#8221;1\/3&#8243;][vc_separator color=&#8221;custom&#8221; border_width=&#8221;4&#8243; css=&#8221;.vc_custom_1746004290976{margin-bottom: 0px !important;}&#8221; accent_color=&#8221;#089641&#8243;][\/vc_column][vc_column width=&#8221;1\/3&#8243;][vc_column_text css=&#8221;.vc_custom_1747125243574{margin-bottom: 0px !important;padding-top: 8px !important;padding-bottom: 5px !important;}&#8221;]<\/p>\n<h2 style=\"text-align: center;\"><strong><span style=\"color: #089641;\">Gerencia<\/span><\/strong><\/h2>\n<p>[\/vc_column_text][\/vc_column][vc_column width=&#8221;1\/3&#8243;][vc_separator color=&#8221;custom&#8221; border_width=&#8221;4&#8243; css=&#8221;.vc_custom_1746004290976{margin-bottom: 0px !important;}&#8221; accent_color=&#8221;#089641&#8243;][\/vc_column][\/vc_row][vc_row css_animation=&#8221;fadeInUp&#8221; el_class=&#8221;bloqueEquipo&#8221;][vc_column width=&#8221;1\/3&#8243; el_class=&#8221;SubBloqueEquipo&#8221;][\/vc_column][vc_column width=&#8221;1\/3&#8243; el_class=&#8221;SubBloqueEquipo&#8221;][vc_single_image image=&#8221;306&#8243; img_size=&#8221;full&#8221; alignment=&#8221;center&#8221; onclick=&#8221;custom_link&#8221; css=&#8221;.vc_custom_1747639982641{margin-bottom: 0px !important;}&#8221; link=&#8221;https:\/\/byt.com.ve\/en\/team\/marisol-mendoza\/&#8221;][vc_column_text css=&#8221;&#8221; el_class=&#8221;barraNombre&#8221;]Marisol Mendoza<\/p>\n<p>Gerente general[\/vc_column_text][\/vc_column][vc_column width=&#8221;1\/3&#8243; el_class=&#8221;SubBloqueEquipo&#8221;][\/vc_column][\/vc_row][vc_row css_animation=&#8221;fadeInUp&#8221; css=&#8221;.vc_custom_1746690098939{margin-top: 50px !important;}&#8221; el_class=&#8221;bloqueEquipo&#8221;][vc_column width=&#8221;2\/3&#8243;][vc_text_separator title=&#8221;Ingenieros&#8221; color=&#8221;custom&#8221; border_width=&#8221;4&#8243; css=&#8221;&#8221; accent_color=&#8221;#079641&#8243;][vc_row_inner][vc_column_inner el_class=&#8221;SubBloqueEquipo&#8221; width=&#8221;1\/2&#8243;][vc_single_image image=&#8221;248&#8243; img_size=&#8221;full&#8221; alignment=&#8221;center&#8221; onclick=&#8221;custom_link&#8221; css=&#8221;.vc_custom_1746701602565{margin-bottom: 0px !important;}&#8221; link=&#8221;https:\/\/byt.com.ve\/en\/team\/nestor-bueno\/&#8221;][vc_column_text css=&#8221;&#8221; el_class=&#8221;barraNombre&#8221;]N\u00e9stor Bueno<\/p>\n<p>Director de datos[\/vc_column_text][\/vc_column_inner][vc_column_inner el_class=&#8221;SubBloqueEquipo&#8221; width=&#8221;1\/2&#8243;][vc_single_image image=&#8221;250&#8243; img_size=&#8221;full&#8221; alignment=&#8221;center&#8221; onclick=&#8221;custom_link&#8221; css=&#8221;.vc_custom_1746701820076{margin-bottom: 0px !important;}&#8221; link=&#8221;https:\/\/byt.com.ve\/en\/team\/jose-bueno\/&#8221;][vc_column_text css=&#8221;&#8221; el_class=&#8221;barraNombre&#8221;]Jos\u00e9 Bueno<\/p>\n<p>Paralegal \/ Soporte t\u00e9cnico[\/vc_column_text][\/vc_column_inner][\/vc_row_inner][\/vc_column][vc_column width=&#8221;1\/3&#8243;][vc_text_separator title=&#8221;Asesor&#8221; color=&#8221;custom&#8221; border_width=&#8221;4&#8243; css=&#8221;&#8221; accent_color=&#8221;#079641&#8243;][vc_row_inner el_class=&#8221;SubBloqueEquipo&#8221;][vc_column_inner][vc_single_image image=&#8221;306&#8243; img_size=&#8221;full&#8221; alignment=&#8221;center&#8221; onclick=&#8221;custom_link&#8221; css=&#8221;.vc_custom_1746701997235{margin-bottom: 0px !important;}&#8221; link=&#8221;https:\/\/byt.com.ve\/en\/team\/alberto-parra\/&#8221;][vc_column_text css=&#8221;&#8221; el_class=&#8221;barraNombre&#8221;]Alberto Parra<\/p>\n<p>Valoraci\u00f3n de marcas \/ Asesor[\/vc_column_text][\/vc_column_inner][\/vc_row_inner][\/vc_column][\/vc_row][vc_row css_animation=&#8221;fadeInRightBig&#8221; css=&#8221;.vc_custom_1746011712104{margin-top: 35px !important;margin-bottom: 35px !important;padding-right: 25px !important;padding-left: 25px !important;background-color: #089641 !important;}&#8221; el_class=&#8221;llamadaAccionEquipo&#8221;][vc_column width=&#8221;1\/2&#8243;][vc_column_text css=&#8221;&#8221;]Se parte de<br \/>\n<strong>nuestro equipo<\/strong>[\/vc_column_text][\/vc_column][vc_column width=&#8221;1\/2&#8243;][vc_btn title=&#8221;ENV\u00cdA TU APLICACI\u00d3N&#8221; style=&#8221;gradient-custom&#8221; gradient_custom_color_1=&#8221;#C39224&#8243; gradient_custom_color_2=&#8221;#C39224&#8243; align=&#8221;right&#8221; i_align=&#8221;right&#8221; i_icon_fontawesome=&#8221;fa fa-solid fa-angle-right&#8221; css=&#8221;.vc_custom_1746521977278{margin-top: 50px !important;}&#8221; add_icon=&#8221;true&#8221; link=&#8221;url:https%3A%2F%2Fbyt.com.ve%2Fnuevaweb%2Fen%2Fcontact%2F%23conversemos|&#8221; el_class=&#8221;scroll&#8221;][\/vc_column][\/vc_row]<\/p>\n<\/div>","protected":false},"excerpt":{"rendered":"<p>[vc_row equal_height=&#8221;yes&#8221; content_placement=&#8221;middle&#8221; css_animation=&#8221;fadeIn&#8221; el_class=&#8221;txtSubTitulo&#8221; css=&#8221;.vc_custom_1746011655263{margin-bottom: 50px !important;}&#8221;][vc_column width=&#8221;1\/3&#8243;][vc_separator color=&#8221;custom&#8221; border_width=&#8221;4&#8243; css=&#8221;.vc_custom_1746004290976{margin-bottom: 0px !important;}&#8221; accent_color=&#8221;#089641&#8243;][\/vc_column][vc_column width=&#8221;1\/3&#8243;][vc_column_text css=&#8221;.vc_custom_1746005927143{margin-bottom: 0px !important;padding-top: 8px !important;padding-bottom: 5px !important;}&#8221;] Socios [\/vc_column_text][\/vc_column][vc_column width=&#8221;1\/3&#8243;][vc_separator<span class=\"excerpt-hellip\"> [\u2026]<\/span><\/p>\n","protected":false},"author":1,"featured_media":0,"parent":0,"menu_order":0,"comment_status":"closed","ping_status":"closed","template":"","meta":{"footnotes":""},"class_list":["post-450","page","type-page","status-publish","hentry"],"yoast_head":"<!-- This site is optimized with the Yoast SEO plugin v26.2 - https:\/\/yoast.com\/wordpress\/plugins\/seo\/ -->\n<title>Team - Bolet &amp; Terrero<\/title>\n<meta name=\"robots\" content=\"index, follow, max-snippet:-1, max-image-preview:large, max-video-preview:-1\" \/>\n<link rel=\"canonical\" href=\"https:\/\/byt.com.ve\/en\/team\/\" \/>\n<meta property=\"og:locale\" content=\"en_US\" \/>\n<meta property=\"og:type\" content=\"article\" \/>\n<meta property=\"og:title\" content=\"Team - Bolet &amp; Terrero\" \/>\n<meta property=\"og:description\" content=\"[vc_row equal_height=&#8221;yes&#8221; content_placement=&#8221;middle&#8221; css_animation=&#8221;fadeIn&#8221; el_class=&#8221;txtSubTitulo&#8221; css=&#8221;.vc_custom_1746011655263{margin-bottom: 50px !important;}&#8221;][vc_column width=&#8221;1\/3&#8243;][vc_separator color=&#8221;custom&#8221; border_width=&#8221;4&#8243; css=&#8221;.vc_custom_1746004290976{margin-bottom: 0px !important;}&#8221; accent_color=&#8221;#089641&#8243;][\/vc_column][vc_column width=&#8221;1\/3&#8243;][vc_column_text css=&#8221;.vc_custom_1746005927143{margin-bottom: 0px !important;padding-top: 8px !important;padding-bottom: 5px !important;}&#8221;] Socios [\/vc_column_text][\/vc_column][vc_column width=&#8221;1\/3&#8243;][vc_separator [\u2026]\" \/>\n<meta property=\"og:url\" content=\"https:\/\/byt.com.ve\/en\/team\/\" \/>\n<meta property=\"og:site_name\" content=\"Bolet &amp; Terrero\" \/>\n<meta property=\"article:modified_time\" content=\"2025-06-04T08:58:54+00:00\" \/>\n<meta name=\"twitter:card\" content=\"summary_large_image\" \/>\n<meta name=\"twitter:label1\" content=\"Est. reading time\" \/>\n\t<meta name=\"twitter:data1\" content=\"6 minutes\" \/>\n<script type=\"application\/ld+json\" class=\"yoast-schema-graph\">{\"@context\":\"https:\/\/schema.org\",\"@graph\":[{\"@type\":\"WebPage\",\"@id\":\"https:\/\/byt.com.ve\/en\/team\/\",\"url\":\"https:\/\/byt.com.ve\/en\/team\/\",\"name\":\"Team - Bolet &amp; Terrero\",\"isPartOf\":{\"@id\":\"https:\/\/byt.com.ve\/#website\"},\"datePublished\":\"2025-04-30T09:12:43+00:00\",\"dateModified\":\"2025-06-04T08:58:54+00:00\",\"breadcrumb\":{\"@id\":\"https:\/\/byt.com.ve\/en\/team\/#breadcrumb\"},\"inLanguage\":\"en-US\",\"potentialAction\":[{\"@type\":\"ReadAction\",\"target\":[\"https:\/\/byt.com.ve\/en\/team\/\"]}]},{\"@type\":\"BreadcrumbList\",\"@id\":\"https:\/\/byt.com.ve\/en\/team\/#breadcrumb\",\"itemListElement\":[{\"@type\":\"ListItem\",\"position\":1,\"name\":\"Home\",\"item\":\"https:\/\/byt.com.ve\/en\/\"},{\"@type\":\"ListItem\",\"position\":2,\"name\":\"Team\"}]},{\"@type\":\"WebSite\",\"@id\":\"https:\/\/byt.com.ve\/#website\",\"url\":\"https:\/\/byt.com.ve\/\",\"name\":\"Bolet &amp; Terrero\",\"description\":\"Propiedad Intelectual: Registro de marcas\",\"publisher\":{\"@id\":\"https:\/\/byt.com.ve\/#organization\"},\"potentialAction\":[{\"@type\":\"SearchAction\",\"target\":{\"@type\":\"EntryPoint\",\"urlTemplate\":\"https:\/\/byt.com.ve\/?s={search_term_string}\"},\"query-input\":{\"@type\":\"PropertyValueSpecification\",\"valueRequired\":true,\"valueName\":\"search_term_string\"}}],\"inLanguage\":\"en-US\"},{\"@type\":\"Organization\",\"@id\":\"https:\/\/byt.com.ve\/#organization\",\"name\":\"Bolet & Terrero\",\"url\":\"https:\/\/byt.com.ve\/\",\"logo\":{\"@type\":\"ImageObject\",\"inLanguage\":\"en-US\",\"@id\":\"https:\/\/byt.com.ve\/#\/schema\/logo\/image\/\",\"url\":null,\"contentUrl\":null,\"width\":null,\"height\":null,\"caption\":\"Bolet & Terrero\"},\"image\":{\"@id\":\"https:\/\/byt.com.ve\/#\/schema\/logo\/image\/\"}}]}<\/script>\n<!-- \/ Yoast SEO plugin. -->","yoast_head_json":{"title":"Team - Bolet &amp; Terrero","robots":{"index":"index","follow":"follow","max-snippet":"max-snippet:-1","max-image-preview":"max-image-preview:large","max-video-preview":"max-video-preview:-1"},"canonical":"https:\/\/byt.com.ve\/en\/team\/","og_locale":"en_US","og_type":"article","og_title":"Team - Bolet &amp; Terrero","og_description":"[vc_row equal_height=&#8221;yes&#8221; content_placement=&#8221;middle&#8221; css_animation=&#8221;fadeIn&#8221; el_class=&#8221;txtSubTitulo&#8221; css=&#8221;.vc_custom_1746011655263{margin-bottom: 50px !important;}&#8221;][vc_column width=&#8221;1\/3&#8243;][vc_separator color=&#8221;custom&#8221; border_width=&#8221;4&#8243; css=&#8221;.vc_custom_1746004290976{margin-bottom: 0px !important;}&#8221; accent_color=&#8221;#089641&#8243;][\/vc_column][vc_column width=&#8221;1\/3&#8243;][vc_column_text css=&#8221;.vc_custom_1746005927143{margin-bottom: 0px !important;padding-top: 8px !important;padding-bottom: 5px !important;}&#8221;] Socios [\/vc_column_text][\/vc_column][vc_column width=&#8221;1\/3&#8243;][vc_separator [\u2026]","og_url":"https:\/\/byt.com.ve\/en\/team\/","og_site_name":"Bolet &amp; Terrero","article_modified_time":"2025-06-04T08:58:54+00:00","twitter_card":"summary_large_image","twitter_misc":{"Est. reading time":"6 minutes"},"schema":{"@context":"https:\/\/schema.org","@graph":[{"@type":"WebPage","@id":"https:\/\/byt.com.ve\/en\/team\/","url":"https:\/\/byt.com.ve\/en\/team\/","name":"Team - Bolet &amp; Terrero","isPartOf":{"@id":"https:\/\/byt.com.ve\/#website"},"datePublished":"2025-04-30T09:12:43+00:00","dateModified":"2025-06-04T08:58:54+00:00","breadcrumb":{"@id":"https:\/\/byt.com.ve\/en\/team\/#breadcrumb"},"inLanguage":"en-US","potentialAction":[{"@type":"ReadAction","target":["https:\/\/byt.com.ve\/en\/team\/"]}]},{"@type":"BreadcrumbList","@id":"https:\/\/byt.com.ve\/en\/team\/#breadcrumb","itemListElement":[{"@type":"ListItem","position":1,"name":"Home","item":"https:\/\/byt.com.ve\/en\/"},{"@type":"ListItem","position":2,"name":"Team"}]},{"@type":"WebSite","@id":"https:\/\/byt.com.ve\/#website","url":"https:\/\/byt.com.ve\/","name":"Bolet &amp; Terrero","description":"Propiedad Intelectual: Registro de marcas","publisher":{"@id":"https:\/\/byt.com.ve\/#organization"},"potentialAction":[{"@type":"SearchAction","target":{"@type":"EntryPoint","urlTemplate":"https:\/\/byt.com.ve\/?s={search_term_string}"},"query-input":{"@type":"PropertyValueSpecification","valueRequired":true,"valueName":"search_term_string"}}],"inLanguage":"en-US"},{"@type":"Organization","@id":"https:\/\/byt.com.ve\/#organization","name":"Bolet & Terrero","url":"https:\/\/byt.com.ve\/","logo":{"@type":"ImageObject","inLanguage":"en-US","@id":"https:\/\/byt.com.ve\/#\/schema\/logo\/image\/","url":null,"contentUrl":null,"width":null,"height":null,"caption":"Bolet & Terrero"},"image":{"@id":"https:\/\/byt.com.ve\/#\/schema\/logo\/image\/"}}]}},"_links":{"self":[{"href":"https:\/\/byt.com.ve\/en\/wp-json\/wp\/v2\/pages\/450","targetHints":{"allow":["GET"]}}],"collection":[{"href":"https:\/\/byt.com.ve\/en\/wp-json\/wp\/v2\/pages"}],"about":[{"href":"https:\/\/byt.com.ve\/en\/wp-json\/wp\/v2\/types\/page"}],"author":[{"embeddable":true,"href":"https:\/\/byt.com.ve\/en\/wp-json\/wp\/v2\/users\/1"}],"replies":[{"embeddable":true,"href":"https:\/\/byt.com.ve\/en\/wp-json\/wp\/v2\/comments?post=450"}],"version-history":[{"count":10,"href":"https:\/\/byt.com.ve\/en\/wp-json\/wp\/v2\/pages\/450\/revisions"}],"predecessor-version":[{"id":595,"href":"https:\/\/byt.com.ve\/en\/wp-json\/wp\/v2\/pages\/450\/revisions\/595"}],"wp:attachment":[{"href":"https:\/\/byt.com.ve\/en\/wp-json\/wp\/v2\/media?parent=450"}],"curies":[{"name":"wp","href":"https:\/\/api.w.org\/{rel}","templated":true}]}}