{"id":446,"date":"2025-04-30T10:16:56","date_gmt":"2025-04-30T08:16:56","guid":{"rendered":"https:\/\/byt.com.ve\/nosotros\/"},"modified":"2025-06-10T09:09:25","modified_gmt":"2025-06-10T07:09:25","slug":"about-us","status":"publish","type":"page","link":"https:\/\/byt.com.ve\/en\/about-us\/","title":{"rendered":"About Us"},"content":{"rendered":"<div class=\"wpb-content-wrapper\"><p>[vc_row full_width=&#8221;stretch_row&#8221; gap=&#8221;35&#8243; equal_height=&#8221;yes&#8221; css_animation=&#8221;fadeIn&#8221; el_class=&#8221;contenidoCabeceras&#8221; css=&#8221;.vc_custom_1748858990389{margin-bottom: 50px !important;}&#8221;][vc_column width=&#8221;1\/3&#8243; el_class=&#8221;titulosIzq&#8221;][vc_column_text css_animation=&#8221;fadeInLeft&#8221; css=&#8221;&#8221;]<\/p>\n<h2>Over 100 Years<br \/>\nof Intellectual<br \/>\nProperty<br \/>\nHistory<\/h2>\n<p>[\/vc_column_text][\/vc_column][vc_column width=&#8221;2\/3&#8243; el_class=&#8221;contenidoDer&#8221; css=&#8221;.vc_custom_1745491326095{padding-right: 25% !important;}&#8221;][vc_column_text css=&#8221;&#8221;]<\/p>\n<p style=\"text-align: justify;\">Founded in 1915, <span style=\"color: #758371;\"><strong>BOLET &amp; TERRERO<\/strong><\/span> is the oldest law firm in Venezuela dedicated exclusively to Intellectual Property. For over a century, the firm has maintained a strong commitment to excellence, professionalism, and the protection of Intellectual Property rights, establishing itself as a national and international benchmark in the field.<\/p>\n<p style=\"text-align: justify;\">The firm was founded by cousins Leopoldo Terrero Monagas and Julio C\u00e9sar Bolet Monagas, both grandsons of General Jos\u00e9 Gregorio Monagas, former president of Venezuela. In addition to their blood relation, they shared an even closer family bond: Julio C\u00e9sar married Cristina Terrero Monagas, Leopoldo\u2019s sister. Julio C\u00e9sar was also the son of General Nicanor Bolet Peraza (1838\u20131906), a prominent intellectual and leading figure of 19th-century Venezuela.<\/p>\n<p style=\"text-align: justify;\">Together, Julio C\u00e9sar and Leopoldo developed the trademark and patent business in Venezuela at a time when this area of law was still in its infancy. Visionary and entrepreneurial, Leopoldo frequently traveled to the United States in search of international clients\u2014many of whom continue to trust the firm more than a century later.<\/p>\n<p style=\"text-align: justify;\">After the passing of Julio C\u00e9sar Bolet, who left no heirs, Leopoldo Terrero took sole leadership of the firm. He and his wife, Carmen Aguerrevere Elizondo, had three children: Leopoldo, Eur\u00edpides, and Carolina. As the firm grew, he invited his son Eur\u00edpides Terrero Aguerrevere\u2014then only 20 years old\u2014to join the practice. Upon his father\u2019s death in 1944, Eur\u00edpides assumed leadership of <span style=\"color: #758371;\"><strong>BOLET &amp; TERRERO<\/strong><\/span>, guiding it for more than five decades.<\/p>\n<p style=\"text-align: justify;\">Throughout his long tenure, Eur\u00edpides was supported by his brother-in-law, Dr. Ignacio Iribarren Borges\u2014husband of Carolina Terrero\u2014and by Dr. Mariano Uzc\u00e1tegui Urdaneta, who both served as partners for several years. In 1971, Dr. Uzc\u00e1tegui left the firm, and his share was acquired by Eur\u00edpides. Later, in 1988, Dr. Iribarren also withdrew from the partnership to pursue a career in public service. From then on, Eur\u00edpides remained the sole partner and Managing Director of the firm.<\/p>\n<p style=\"text-align: justify;\">He and his wife, Vivian De Weck, had two children: Ver\u00f3nica and Santiago Terrero De Weck. In 1994, Santiago was admitted as a partner, bringing generational continuity to the family legacy.<\/p>\n<p style=\"text-align: justify;\">In January 1999, <span style=\"color: #758371;\"><strong>BOLET &amp; TERRERO<\/strong><\/span> entered a new chapter with the addition of attorney Manuel Polanco Fern\u00e1ndez as a partner. Since then, he has served as Managing Partner. Known for his extensive experience in IP litigation and strong leadership skills, he has been instrumental in the firm&#8217;s consolidation and modernization. Under his leadership, Bolet &amp; Terrero has successfully met the challenges of an increasingly complex legal environment while staying true to its founding values.<\/p>\n<p style=\"text-align: justify;\">The spirit of renewal and international focus was further strengthened in 2021 with the incorporation of attorneys Luis Alejandro Henr\u00edquez De Sola and Rafael Ernesto Ort\u00edn\u00a0Perozo as partners. Both brought significant national and international experience in Intellectual Property, related areas, and regulatory matters, enhancing the firm&#8217;s technical and strategic profile.<\/p>\n<p style=\"text-align: justify;\">Today, <span style=\"color: #758371;\"><strong>BOLET &amp; TERRERO<\/strong><\/span> moves confidently toward the future, grounded in its storied history and empowered by a highly qualified, multidisciplinary team committed to delivering tailored legal solutions in a constantly evolving global environment. Over the years, the firm has maintained uninterrupted services in the registration and defense of trademarks, patents, and other intangible assets\u2014integrating cutting-edge technology and a client-focused approach.<\/p>\n<p>[\/vc_column_text][vc_column_text css_animation=&#8221;fadeInRight&#8221; css=&#8221;&#8221;]<em><strong>More than a firm with history, Bolet &amp; Terrero is a firm with vision.<br \/>\n<\/strong><\/em>[\/vc_column_text][\/vc_column][\/vc_row]<\/p>\n<\/div>","protected":false},"excerpt":{"rendered":"<p>[vc_row full_width=&#8221;stretch_row&#8221; gap=&#8221;35&#8243; equal_height=&#8221;yes&#8221; css_animation=&#8221;fadeIn&#8221; el_class=&#8221;contenidoCabeceras&#8221; css=&#8221;.vc_custom_1748858990389{margin-bottom: 50px !important;}&#8221;][vc_column width=&#8221;1\/3&#8243; el_class=&#8221;titulosIzq&#8221;][vc_column_text css_animation=&#8221;fadeInLeft&#8221; css=&#8221;&#8221;] Over 100 Years of Intellectual Property History [\/vc_column_text][\/vc_column][vc_column width=&#8221;2\/3&#8243; el_class=&#8221;contenidoDer&#8221; css=&#8221;.vc_custom_1745491326095{padding-right: 25% !important;}&#8221;][vc_column_text<span class=\"excerpt-hellip\"> [\u2026]<\/span><\/p>\n","protected":false},"author":1,"featured_media":-1,"parent":0,"menu_order":0,"comment_status":"closed","ping_status":"closed","template":"","meta":{"footnotes":""},"class_list":["post-446","page","type-page","status-publish","has-post-thumbnail","hentry"],"yoast_head":"<!-- This site is optimized with the Yoast SEO plugin v26.2 - https:\/\/yoast.com\/wordpress\/plugins\/seo\/ -->\n<title>About Us - Bolet &amp; Terrero<\/title>\n<meta name=\"robots\" content=\"index, follow, max-snippet:-1, max-image-preview:large, max-video-preview:-1\" \/>\n<link rel=\"canonical\" href=\"https:\/\/byt.com.ve\/en\/about-us\/\" \/>\n<meta property=\"og:locale\" content=\"en_US\" \/>\n<meta property=\"og:type\" content=\"article\" \/>\n<meta property=\"og:title\" content=\"About Us - Bolet &amp; Terrero\" \/>\n<meta property=\"og:description\" content=\"[vc_row full_width=&#8221;stretch_row&#8221; gap=&#8221;35&#8243; equal_height=&#8221;yes&#8221; css_animation=&#8221;fadeIn&#8221; el_class=&#8221;contenidoCabeceras&#8221; css=&#8221;.vc_custom_1748858990389{margin-bottom: 50px !important;}&#8221;][vc_column width=&#8221;1\/3&#8243; el_class=&#8221;titulosIzq&#8221;][vc_column_text css_animation=&#8221;fadeInLeft&#8221; css=&#8221;&#8221;] Over 100 Years of Intellectual Property History [\/vc_column_text][\/vc_column][vc_column width=&#8221;2\/3&#8243; el_class=&#8221;contenidoDer&#8221; css=&#8221;.vc_custom_1745491326095{padding-right: 25% !important;}&#8221;][vc_column_text [\u2026]\" \/>\n<meta property=\"og:url\" content=\"https:\/\/byt.com.ve\/en\/about-us\/\" \/>\n<meta property=\"og:site_name\" content=\"Bolet &amp; Terrero\" \/>\n<meta property=\"article:modified_time\" content=\"2025-06-10T07:09:25+00:00\" \/>\n<meta name=\"twitter:card\" content=\"summary_large_image\" \/>\n<meta name=\"twitter:label1\" content=\"Est. reading time\" \/>\n\t<meta name=\"twitter:data1\" content=\"3 minutes\" \/>\n<script type=\"application\/ld+json\" class=\"yoast-schema-graph\">{\"@context\":\"https:\/\/schema.org\",\"@graph\":[{\"@type\":\"WebPage\",\"@id\":\"https:\/\/byt.com.ve\/en\/about-us\/\",\"url\":\"https:\/\/byt.com.ve\/en\/about-us\/\",\"name\":\"About Us - Bolet &amp; Terrero\",\"isPartOf\":{\"@id\":\"https:\/\/byt.com.ve\/#website\"},\"datePublished\":\"2025-04-30T08:16:56+00:00\",\"dateModified\":\"2025-06-10T07:09:25+00:00\",\"breadcrumb\":{\"@id\":\"https:\/\/byt.com.ve\/en\/about-us\/#breadcrumb\"},\"inLanguage\":\"en-US\",\"potentialAction\":[{\"@type\":\"ReadAction\",\"target\":[\"https:\/\/byt.com.ve\/en\/about-us\/\"]}]},{\"@type\":\"BreadcrumbList\",\"@id\":\"https:\/\/byt.com.ve\/en\/about-us\/#breadcrumb\",\"itemListElement\":[{\"@type\":\"ListItem\",\"position\":1,\"name\":\"Home\",\"item\":\"https:\/\/byt.com.ve\/en\/\"},{\"@type\":\"ListItem\",\"position\":2,\"name\":\"About Us\"}]},{\"@type\":\"WebSite\",\"@id\":\"https:\/\/byt.com.ve\/#website\",\"url\":\"https:\/\/byt.com.ve\/\",\"name\":\"Bolet &amp; Terrero\",\"description\":\"Propiedad Intelectual: Registro de marcas\",\"publisher\":{\"@id\":\"https:\/\/byt.com.ve\/#organization\"},\"potentialAction\":[{\"@type\":\"SearchAction\",\"target\":{\"@type\":\"EntryPoint\",\"urlTemplate\":\"https:\/\/byt.com.ve\/?s={search_term_string}\"},\"query-input\":{\"@type\":\"PropertyValueSpecification\",\"valueRequired\":true,\"valueName\":\"search_term_string\"}}],\"inLanguage\":\"en-US\"},{\"@type\":\"Organization\",\"@id\":\"https:\/\/byt.com.ve\/#organization\",\"name\":\"Bolet & Terrero\",\"url\":\"https:\/\/byt.com.ve\/\",\"logo\":{\"@type\":\"ImageObject\",\"inLanguage\":\"en-US\",\"@id\":\"https:\/\/byt.com.ve\/#\/schema\/logo\/image\/\",\"url\":null,\"contentUrl\":null,\"width\":null,\"height\":null,\"caption\":\"Bolet & Terrero\"},\"image\":{\"@id\":\"https:\/\/byt.com.ve\/#\/schema\/logo\/image\/\"}}]}<\/script>\n<!-- \/ Yoast SEO plugin. -->","yoast_head_json":{"title":"About Us - Bolet &amp; Terrero","robots":{"index":"index","follow":"follow","max-snippet":"max-snippet:-1","max-image-preview":"max-image-preview:large","max-video-preview":"max-video-preview:-1"},"canonical":"https:\/\/byt.com.ve\/en\/about-us\/","og_locale":"en_US","og_type":"article","og_title":"About Us - Bolet &amp; Terrero","og_description":"[vc_row full_width=&#8221;stretch_row&#8221; gap=&#8221;35&#8243; equal_height=&#8221;yes&#8221; css_animation=&#8221;fadeIn&#8221; el_class=&#8221;contenidoCabeceras&#8221; css=&#8221;.vc_custom_1748858990389{margin-bottom: 50px !important;}&#8221;][vc_column width=&#8221;1\/3&#8243; el_class=&#8221;titulosIzq&#8221;][vc_column_text css_animation=&#8221;fadeInLeft&#8221; css=&#8221;&#8221;] Over 100 Years of Intellectual Property History [\/vc_column_text][\/vc_column][vc_column width=&#8221;2\/3&#8243; el_class=&#8221;contenidoDer&#8221; css=&#8221;.vc_custom_1745491326095{padding-right: 25% !important;}&#8221;][vc_column_text [\u2026]","og_url":"https:\/\/byt.com.ve\/en\/about-us\/","og_site_name":"Bolet &amp; Terrero","article_modified_time":"2025-06-10T07:09:25+00:00","twitter_card":"summary_large_image","twitter_misc":{"Est. reading time":"3 minutes"},"schema":{"@context":"https:\/\/schema.org","@graph":[{"@type":"WebPage","@id":"https:\/\/byt.com.ve\/en\/about-us\/","url":"https:\/\/byt.com.ve\/en\/about-us\/","name":"About Us - Bolet &amp; Terrero","isPartOf":{"@id":"https:\/\/byt.com.ve\/#website"},"datePublished":"2025-04-30T08:16:56+00:00","dateModified":"2025-06-10T07:09:25+00:00","breadcrumb":{"@id":"https:\/\/byt.com.ve\/en\/about-us\/#breadcrumb"},"inLanguage":"en-US","potentialAction":[{"@type":"ReadAction","target":["https:\/\/byt.com.ve\/en\/about-us\/"]}]},{"@type":"BreadcrumbList","@id":"https:\/\/byt.com.ve\/en\/about-us\/#breadcrumb","itemListElement":[{"@type":"ListItem","position":1,"name":"Home","item":"https:\/\/byt.com.ve\/en\/"},{"@type":"ListItem","position":2,"name":"About Us"}]},{"@type":"WebSite","@id":"https:\/\/byt.com.ve\/#website","url":"https:\/\/byt.com.ve\/","name":"Bolet &amp; Terrero","description":"Propiedad Intelectual: Registro de marcas","publisher":{"@id":"https:\/\/byt.com.ve\/#organization"},"potentialAction":[{"@type":"SearchAction","target":{"@type":"EntryPoint","urlTemplate":"https:\/\/byt.com.ve\/?s={search_term_string}"},"query-input":{"@type":"PropertyValueSpecification","valueRequired":true,"valueName":"search_term_string"}}],"inLanguage":"en-US"},{"@type":"Organization","@id":"https:\/\/byt.com.ve\/#organization","name":"Bolet & Terrero","url":"https:\/\/byt.com.ve\/","logo":{"@type":"ImageObject","inLanguage":"en-US","@id":"https:\/\/byt.com.ve\/#\/schema\/logo\/image\/","url":null,"contentUrl":null,"width":null,"height":null,"caption":"Bolet & Terrero"},"image":{"@id":"https:\/\/byt.com.ve\/#\/schema\/logo\/image\/"}}]}},"_links":{"self":[{"href":"https:\/\/byt.com.ve\/en\/wp-json\/wp\/v2\/pages\/446","targetHints":{"allow":["GET"]}}],"collection":[{"href":"https:\/\/byt.com.ve\/en\/wp-json\/wp\/v2\/pages"}],"about":[{"href":"https:\/\/byt.com.ve\/en\/wp-json\/wp\/v2\/types\/page"}],"author":[{"embeddable":true,"href":"https:\/\/byt.com.ve\/en\/wp-json\/wp\/v2\/users\/1"}],"replies":[{"embeddable":true,"href":"https:\/\/byt.com.ve\/en\/wp-json\/wp\/v2\/comments?post=446"}],"version-history":[{"count":5,"href":"https:\/\/byt.com.ve\/en\/wp-json\/wp\/v2\/pages\/446\/revisions"}],"predecessor-version":[{"id":2157,"href":"https:\/\/byt.com.ve\/en\/wp-json\/wp\/v2\/pages\/446\/revisions\/2157"}],"wp:featuredmedia":[{"embeddable":true,"href":"https:\/\/byt.com.ve\/en\/wp-json\/"}],"wp:attachment":[{"href":"https:\/\/byt.com.ve\/en\/wp-json\/wp\/v2\/media?parent=446"}],"curies":[{"name":"wp","href":"https:\/\/api.w.org\/{rel}","templated":true}]}}